{"id":685,"date":"2024-05-06T11:17:10","date_gmt":"2024-05-06T11:17:10","guid":{"rendered":"https:\/\/acinrm.com\/politica-sgi\/"},"modified":"2024-05-06T11:26:14","modified_gmt":"2024-05-06T11:26:14","slug":"politica-sgi","status":"publish","type":"page","link":"https:\/\/acinrm.com\/en\/politica-sgi\/","title":{"rendered":"Pol\u00edtica SGI"},"content":{"rendered":"<div class=\"fusion-fullwidth fullwidth-box fusion-builder-row-1 fusion-flex-container has-pattern-background has-mask-background nonhundred-percent-fullwidth non-hundred-percent-height-scrolling\" style=\"--awb-border-radius-top-left:0px;--awb-border-radius-top-right:0px;--awb-border-radius-bottom-right:0px;--awb-border-radius-bottom-left:0px;--awb-margin-top:60px;--awb-margin-bottom:60px;--awb-flex-wrap:wrap;\" ><div class=\"fusion-builder-row fusion-row fusion-flex-align-items-flex-start fusion-flex-content-wrap\" style=\"max-width:1144px;margin-left: calc(-4% \/ 2 );margin-right: calc(-4% \/ 2 );\"><div class=\"fusion-layout-column fusion_builder_column fusion-builder-column-0 fusion_builder_column_3_5 3_5 fusion-flex-column\" style=\"--awb-bg-size:cover;--awb-width-large:60%;--awb-margin-top-large:0px;--awb-spacing-right-large:3.2%;--awb-margin-bottom-large:0px;--awb-spacing-left-large:3.2%;--awb-width-medium:60%;--awb-order-medium:0;--awb-spacing-right-medium:3.2%;--awb-spacing-left-medium:3.2%;--awb-width-small:100%;--awb-order-small:0;--awb-spacing-right-small:1.92%;--awb-spacing-left-small:1.92%;\"><div class=\"fusion-column-wrapper fusion-column-has-shadow fusion-flex-justify-content-flex-start fusion-content-layout-column\"><div class=\"fusion-title title fusion-title-1 fusion-sep-none fusion-title-text fusion-title-size-one\"><h1 class=\"fusion-title-heading title-heading-left\" style=\"margin:0;\">Pol\u00edtica Sistema de Gesti\u00f3n Integrado<\/h1><\/div><div class=\"fusion-text fusion-text-1\"><p><b>ACIN <\/b><b>Recycling<\/b> <b>Metals<\/b> es una empresa experta en la gesti\u00f3n integral de residuos f\u00e9rricos y no f\u00e9rricos y f\u00e9rricos a trav\u00e9s de su reciclaje, transformaci\u00f3n y comercializaci\u00f3n.<\/p>\n<p>El principal activo de <b>ACIN <\/b><b>Recycling<\/b> <b>Metals<\/b> es la flexibilidad y seriedad que exige este mercado.<\/p>\n<p>Se definen como principios fundamentales de <b>ACIN <\/b><b>Recycling<\/b> <b>Metals<\/b> :<\/p>\n<ul>\n<li><b>Cumplir los requisitos legales y otros requisitos aplicables<\/b> a nuestra organizaci\u00f3n, actividad empresarial y servicios.<\/li>\n<li><b>Aplicar exhaustivos procesos internos y externos de control, calidad y seguridad<\/b> que certifican nuestro conocimiento t\u00e9cnico y garantizan la satisfacci\u00f3n y el cumplimiento de los requisitos de nuestros proveedores, clientes y del sistema de gesti\u00f3n.<\/li>\n<li><b>Potenciar el factor humano<\/b> de nuestro equipo mediante la selecci\u00f3n, motivaci\u00f3n y formaci\u00f3n adecuada, asegurando su consulta y participaci\u00f3n en el desarrollo de sistema de gesti\u00f3n.<\/li>\n<li>Apostar por establecer y consolidar <b>relaciones a largo plazo <\/b>que evidencian nuestra fiabilidad en el tiempo, para ser m\u00e1s que un servicio puntual.<\/li>\n<li><b>Promover la formaci\u00f3n y sensibilizaci\u00f3n<\/b> permanente de nuestro equipo humano con el objetivo de mejorar su aportaci\u00f3n a la empresa, a la vez que se potencia la creatividad, capacidad de trabajo en equipo y esp\u00edritu innovador.<\/li>\n<li><b>Respetar el medio ambiente y nuestro entorno natural<\/b>, con el compromiso de prevenir la contaminaci\u00f3n y actuar con responsabilidad social y actuaci\u00f3n \u00e9tica en todos los aspectos. Entendemos la gesti\u00f3n y transformaci\u00f3n de un residuo en recurso como un \u00e1mbito esencial de la sociedad y clave para el futuro de las generaciones.<\/li>\n<li>Fomentar la <b>promoci\u00f3n de acciones encaminadas a reducir<\/b>, siempre que sea posible, el consumo de materias primas, la generaci\u00f3n de residuos y las emisiones susceptibles de contaminar nuestro entorno pr\u00f3ximo y el ambiente general.<\/li>\n<li>Creer en la <b>m<\/b><b>ejora<\/b><b> de forma continuada<\/b> de los procesos de trabajo y la eficacia de nuestro Sistema Integrado de Gesti\u00f3n de la Calidad y Ambiental. Sabemos qu\u00e9, c\u00f3mo y d\u00f3nde se tiene que hacer y as\u00ed lo hacemos cada d\u00eda.<\/li>\n<\/ul>\n<p>Los principios fundamentales expuestos se desarrollan en detalle en los procedimientos del sistema de gesti\u00f3n. Estos principios estar\u00e1n presentes en todas las actividades en las que participe la empresa <b>ACIN <\/b><b>Recycling<\/b> <b>Metals<\/b>.<\/p>\n<p>La Direcci\u00f3n hace extenso a este compromiso a todos los trabajadores, as\u00ed como a quienes act\u00faan en nombre de <b>ACIN <\/b><b>Recycling<\/b> <b>Metals<\/b>, para que cumplan las directrices de esta pol\u00edtica.<\/p>\n<p>Joan Campmajor i Gerard Campmajor, Direcci\u00f3n de ACIN Recycling Metals. Abril de 2024.<\/p>\n<\/div><\/div><\/div><div class=\"fusion-layout-column fusion_builder_column fusion-builder-column-1 fusion_builder_column_1_5 1_5 fusion-flex-column\" style=\"--awb-bg-size:cover;--awb-width-large:20%;--awb-margin-top-large:0px;--awb-spacing-right-large:9.6%;--awb-margin-bottom-large:0px;--awb-spacing-left-large:9.6%;--awb-width-medium:20%;--awb-order-medium:0;--awb-spacing-right-medium:9.6%;--awb-spacing-left-medium:9.6%;--awb-width-small:100%;--awb-order-small:0;--awb-spacing-right-small:1.92%;--awb-spacing-left-small:1.92%;\"><div class=\"fusion-column-wrapper fusion-column-has-shadow fusion-flex-justify-content-flex-start fusion-content-layout-column\"><\/div><\/div><div class=\"fusion-layout-column fusion_builder_column fusion-builder-column-2 fusion_builder_column_1_5 1_5 fusion-flex-column\" style=\"--awb-bg-size:cover;--awb-width-large:20%;--awb-margin-top-large:0px;--awb-spacing-right-large:9.6%;--awb-margin-bottom-large:0px;--awb-spacing-left-large:9.6%;--awb-width-medium:20%;--awb-order-medium:0;--awb-spacing-right-medium:9.6%;--awb-spacing-left-medium:9.6%;--awb-width-small:100%;--awb-order-small:0;--awb-spacing-right-small:1.92%;--awb-spacing-left-small:1.92%;\"><div class=\"fusion-column-wrapper fusion-column-has-shadow fusion-flex-justify-content-flex-start fusion-content-layout-column\"><\/div><\/div><\/div><\/div>\n","protected":false},"excerpt":{"rendered":"","protected":false},"author":1,"featured_media":0,"parent":0,"menu_order":0,"comment_status":"closed","ping_status":"closed","template":"","meta":{"inline_featured_image":false,"footnotes":""},"class_list":["post-685","page","type-page","status-publish","hentry"],"_links":{"self":[{"href":"https:\/\/acinrm.com\/en\/wp-json\/wp\/v2\/pages\/685","targetHints":{"allow":["GET"]}}],"collection":[{"href":"https:\/\/acinrm.com\/en\/wp-json\/wp\/v2\/pages"}],"about":[{"href":"https:\/\/acinrm.com\/en\/wp-json\/wp\/v2\/types\/page"}],"author":[{"embeddable":true,"href":"https:\/\/acinrm.com\/en\/wp-json\/wp\/v2\/users\/1"}],"replies":[{"embeddable":true,"href":"https:\/\/acinrm.com\/en\/wp-json\/wp\/v2\/comments?post=685"}],"version-history":[{"count":1,"href":"https:\/\/acinrm.com\/en\/wp-json\/wp\/v2\/pages\/685\/revisions"}],"predecessor-version":[{"id":688,"href":"https:\/\/acinrm.com\/en\/wp-json\/wp\/v2\/pages\/685\/revisions\/688"}],"wp:attachment":[{"href":"https:\/\/acinrm.com\/en\/wp-json\/wp\/v2\/media?parent=685"}],"curies":[{"name":"wp","href":"https:\/\/api.w.org\/{rel}","templated":true}]}}